{"id":533,"date":"2016-06-03T15:02:00","date_gmt":"2016-06-03T15:02:00","guid":{"rendered":"https:\/\/timeoutmarket.loadhtl.com\/porto\/?page_id=533"},"modified":"2024-05-07T16:54:41","modified_gmt":"2024-05-07T16:54:41","slug":"como-chegar","status":"publish","type":"page","link":"https:\/\/timeoutmarket.loadhtl.com\/porto\/como-chegar\/","title":{"rendered":"Como chegar"},"content":{"rendered":"","protected":false},"excerpt":{"rendered":"","protected":false},"author":1,"featured_media":0,"parent":0,"menu_order":0,"comment_status":"closed","ping_status":"closed","template":"","meta":{"footnotes":""},"yoast_head":"<!-- This site is optimized with the Yoast SEO plugin v22.6 - https:\/\/yoast.com\/wordpress\/plugins\/seo\/ -->\n<title>Saiba como Chegar ao Mercado | Time Out Market Porto<\/title>\n<meta name=\"description\" content=\"Indicamos-lhe as rotas mais f\u00e1ceis para chegar ao Time Out Market Porto. Encontre direc\u00e7\u00f5es detalhadas e op\u00e7\u00f5es de transporte at\u00e9 ao novo mercado do Porto.\" \/>\n<meta name=\"robots\" content=\"index, follow, max-snippet:-1, max-image-preview:large, max-video-preview:-1\" \/>\n<link rel=\"canonical\" href=\"https:\/\/timeoutmarket.loadhtl.com\/porto\/como-chegar\/\" \/>\n<meta property=\"og:locale\" content=\"pt_PT\" \/>\n<meta property=\"og:type\" content=\"article\" \/>\n<meta property=\"og:title\" content=\"Saiba como Chegar ao Mercado | Time Out Market Porto\" \/>\n<meta property=\"og:description\" content=\"Indicamos-lhe as rotas mais f\u00e1ceis para chegar ao Time Out Market Porto. Encontre direc\u00e7\u00f5es detalhadas e op\u00e7\u00f5es de transporte at\u00e9 ao novo mercado do Porto.\" \/>\n<meta property=\"og:url\" content=\"https:\/\/timeoutmarket.loadhtl.com\/porto\/como-chegar\/\" \/>\n<meta property=\"og:site_name\" content=\"Time Out Market Porto\" \/>\n<meta property=\"article:publisher\" content=\"https:\/\/www.facebook.com\/TimeOutMarketLisboa\/\" \/>\n<meta property=\"article:modified_time\" content=\"2024-05-07T16:54:41+00:00\" \/>\n<meta name=\"twitter:card\" content=\"summary_large_image\" \/>\n<script type=\"application\/ld+json\" class=\"yoast-schema-graph\">{\"@context\":\"https:\/\/schema.org\",\"@graph\":[{\"@type\":\"WebPage\",\"@id\":\"https:\/\/timeoutmarket.loadhtl.com\/porto\/como-chegar\/\",\"url\":\"https:\/\/timeoutmarket.loadhtl.com\/porto\/como-chegar\/\",\"name\":\"Saiba como Chegar ao Mercado | Time Out Market Porto\",\"isPartOf\":{\"@id\":\"https:\/\/timeoutmarket.loadhtl.com\/porto\/#website\"},\"datePublished\":\"2016-06-03T15:02:00+00:00\",\"dateModified\":\"2024-05-07T16:54:41+00:00\",\"description\":\"Indicamos-lhe as rotas mais f\u00e1ceis para chegar ao Time Out Market Porto. Encontre direc\u00e7\u00f5es detalhadas e op\u00e7\u00f5es de transporte at\u00e9 ao novo mercado do Porto.\",\"breadcrumb\":{\"@id\":\"https:\/\/timeoutmarket.loadhtl.com\/porto\/como-chegar\/#breadcrumb\"},\"inLanguage\":\"pt-PT\",\"potentialAction\":[{\"@type\":\"ReadAction\",\"target\":[\"https:\/\/timeoutmarket.loadhtl.com\/porto\/como-chegar\/\"]}]},{\"@type\":\"BreadcrumbList\",\"@id\":\"https:\/\/timeoutmarket.loadhtl.com\/porto\/como-chegar\/#breadcrumb\",\"itemListElement\":[{\"@type\":\"ListItem\",\"position\":1,\"name\":\"Home\",\"item\":\"https:\/\/timeoutmarket.loadhtl.com\/porto\/\"},{\"@type\":\"ListItem\",\"position\":2,\"name\":\"Como chegar\"}]},{\"@type\":\"WebSite\",\"@id\":\"https:\/\/timeoutmarket.loadhtl.com\/porto\/#website\",\"url\":\"https:\/\/timeoutmarket.loadhtl.com\/porto\/\",\"name\":\"Time Out Market Porto\",\"description\":\"O MELHOR DO PORTO DEBAIXO DO MESMO TECTO\",\"potentialAction\":[{\"@type\":\"SearchAction\",\"target\":{\"@type\":\"EntryPoint\",\"urlTemplate\":\"https:\/\/timeoutmarket.loadhtl.com\/porto\/?s={search_term_string}\"},\"query-input\":\"required name=search_term_string\"}],\"inLanguage\":\"pt-PT\"}]}<\/script>\n<!-- \/ Yoast SEO plugin. -->","yoast_head_json":{"title":"Saiba como Chegar ao Mercado | Time Out Market Porto","description":"Indicamos-lhe as rotas mais f\u00e1ceis para chegar ao Time Out Market Porto. Encontre direc\u00e7\u00f5es detalhadas e op\u00e7\u00f5es de transporte at\u00e9 ao novo mercado do Porto.","robots":{"index":"index","follow":"follow","max-snippet":"max-snippet:-1","max-image-preview":"max-image-preview:large","max-video-preview":"max-video-preview:-1"},"canonical":"https:\/\/timeoutmarket.loadhtl.com\/porto\/como-chegar\/","og_locale":"pt_PT","og_type":"article","og_title":"Saiba como Chegar ao Mercado | Time Out Market Porto","og_description":"Indicamos-lhe as rotas mais f\u00e1ceis para chegar ao Time Out Market Porto. Encontre direc\u00e7\u00f5es detalhadas e op\u00e7\u00f5es de transporte at\u00e9 ao novo mercado do Porto.","og_url":"https:\/\/timeoutmarket.loadhtl.com\/porto\/como-chegar\/","og_site_name":"Time Out Market Porto","article_publisher":"https:\/\/www.facebook.com\/TimeOutMarketLisboa\/","article_modified_time":"2024-05-07T16:54:41+00:00","twitter_card":"summary_large_image","schema":{"@context":"https:\/\/schema.org","@graph":[{"@type":"WebPage","@id":"https:\/\/timeoutmarket.loadhtl.com\/porto\/como-chegar\/","url":"https:\/\/timeoutmarket.loadhtl.com\/porto\/como-chegar\/","name":"Saiba como Chegar ao Mercado | Time Out Market Porto","isPartOf":{"@id":"https:\/\/timeoutmarket.loadhtl.com\/porto\/#website"},"datePublished":"2016-06-03T15:02:00+00:00","dateModified":"2024-05-07T16:54:41+00:00","description":"Indicamos-lhe as rotas mais f\u00e1ceis para chegar ao Time Out Market Porto. Encontre direc\u00e7\u00f5es detalhadas e op\u00e7\u00f5es de transporte at\u00e9 ao novo mercado do Porto.","breadcrumb":{"@id":"https:\/\/timeoutmarket.loadhtl.com\/porto\/como-chegar\/#breadcrumb"},"inLanguage":"pt-PT","potentialAction":[{"@type":"ReadAction","target":["https:\/\/timeoutmarket.loadhtl.com\/porto\/como-chegar\/"]}]},{"@type":"BreadcrumbList","@id":"https:\/\/timeoutmarket.loadhtl.com\/porto\/como-chegar\/#breadcrumb","itemListElement":[{"@type":"ListItem","position":1,"name":"Home","item":"https:\/\/timeoutmarket.loadhtl.com\/porto\/"},{"@type":"ListItem","position":2,"name":"Como chegar"}]},{"@type":"WebSite","@id":"https:\/\/timeoutmarket.loadhtl.com\/porto\/#website","url":"https:\/\/timeoutmarket.loadhtl.com\/porto\/","name":"Time Out Market Porto","description":"O MELHOR DO PORTO DEBAIXO DO MESMO TECTO","potentialAction":[{"@type":"SearchAction","target":{"@type":"EntryPoint","urlTemplate":"https:\/\/timeoutmarket.loadhtl.com\/porto\/?s={search_term_string}"},"query-input":"required name=search_term_string"}],"inLanguage":"pt-PT"}]}},"publishpress_future_action":{"enabled":false,"date":"2026-05-09 17:50:48","action":"change-status","newStatus":"draft","terms":[],"taxonomy":""},"acf":false,"_links":{"self":[{"href":"https:\/\/timeoutmarket.loadhtl.com\/porto\/wp-json\/wp\/v2\/pages\/533"}],"collection":[{"href":"https:\/\/timeoutmarket.loadhtl.com\/porto\/wp-json\/wp\/v2\/pages"}],"about":[{"href":"https:\/\/timeoutmarket.loadhtl.com\/porto\/wp-json\/wp\/v2\/types\/page"}],"author":[{"embeddable":true,"href":"https:\/\/timeoutmarket.loadhtl.com\/porto\/wp-json\/wp\/v2\/users\/1"}],"replies":[{"embeddable":true,"href":"https:\/\/timeoutmarket.loadhtl.com\/porto\/wp-json\/wp\/v2\/comments?post=533"}],"version-history":[{"count":2,"href":"https:\/\/timeoutmarket.loadhtl.com\/porto\/wp-json\/wp\/v2\/pages\/533\/revisions"}],"predecessor-version":[{"id":5795,"href":"https:\/\/timeoutmarket.loadhtl.com\/porto\/wp-json\/wp\/v2\/pages\/533\/revisions\/5795"}],"wp:attachment":[{"href":"https:\/\/timeoutmarket.loadhtl.com\/porto\/wp-json\/wp\/v2\/media?parent=533"}],"curies":[{"name":"wp","href":"https:\/\/api.w.org\/{rel}","templated":true}]}}