{"id":4470,"date":"2020-01-13T18:21:14","date_gmt":"2020-01-13T18:21:14","guid":{"rendered":"https:\/\/timeoutmarket.loadhtl.com\/porto\/faqs\/"},"modified":"2024-05-07T17:03:00","modified_gmt":"2024-05-07T17:03:00","slug":"faqs","status":"publish","type":"page","link":"https:\/\/timeoutmarket.loadhtl.com\/porto\/faqs\/","title":{"rendered":"Faq&#8217;s"},"content":{"rendered":"<div id=\"accordion\">\r\n<h3><strong>Qual \u00e9 o hor\u00e1rio de funcionamento?<\/strong><\/h3>\r\n<div>O Time Out Market Porto est\u00e1 aberto todos os dias das 10.00 \u00e0s 00.00.<\/div>\r\n<h3><strong>Quantos restaurantes tem o Time Out Market?<\/strong><\/h3>\r\n<div>O Time Out Market tem 16 espa\u00e7os: 12 restaurantes, uma loja, um bar\/restaurante, dois Time Out Bar.<\/div>\r\n<h3><strong>Posso reservar uma mesa?<\/strong><\/h3>\r\n<div>N\u00e3o fazemos reservas de mesas. Somos um food hall e, por isso, temos uma abordagem mais casual, com mesas comuns. \u00c0 chegada, basta escolher um lugar livre e disfrutar da experi\u00eancia gastron\u00f3mica.<\/div>\r\n<h3><strong>Posso arrendar um espa\u00e7o no Time Out Market?<\/strong><\/h3>\r\n<div>O conceito do Time Out Market est\u00e1 directamente ligado \u00e0 revista Time Out, o que pressup\u00f5e que qualquer espa\u00e7o que venha a integrar o Mercado exista previamente no Porto e tenha sido avaliado com pelo menos 4 ou 5 estrelas pelos cr\u00edticos da revista. Caso o seu projecto cumpra estes requisitos, envie-nos a informa\u00e7\u00e3o para infoporto@timeoutmarket.loadhtl.com. Registaremos o seu interesse e, caso surja uma oportunidade, entraremos em contacto consigo.<\/div>\r\n<h3><strong>Aceitam pagamentos em dinheiro e cart\u00f5es?<\/strong><\/h3>\r\n<div>Os espa\u00e7os do Time Out Market aceitam apenas pagamentos com cart\u00f5es de cr\u00e9dito\/ d\u00e9bito e MBWay. Quem s\u00f3 tiver numer\u00e1rio pode carregar um TOM Card no balc\u00e3o de informa\u00e7\u00f5es. Estes t\u00eam a validade de 1 ano. Veja os termos e condi\u00e7\u00f5es <a href=\"https:\/\/timeoutmarket.loadhtl.com\/porto\/termos-de-uso\/\">aqui<\/a><\/div>\r\n<h3><strong>Posso fazer um evento no Time Out Market Porto?<\/strong><\/h3>\r\n<div>Para informa\u00e7\u00f5es sobre eventos privados e cart\u00f5es para grupos por favor contacte-nos atrav\u00e9s do e-mail infoporto@timeoutmarket.loadhtl.com<\/div>\r\n<h3><strong>Onde posso consultar a agenda de eventos?<\/strong><\/h3>\r\n<div>A agenda de eventos do Time Out Market Porto est\u00e1 dispon\u00edvel em www.timeoutmarket.com\/porto<\/div>\r\n<h3><strong>T\u00eam restaurantes vegetarianos?<\/strong><\/h3>\r\n<div>O Fava Tonka \u00e9 um restaurante exclusivamente vegetariano. Adicionalmente existem outros restaurantes que disponibilizam op\u00e7\u00f5es vegetarianas.<\/div>\r\n<h3><strong>H\u00e1 Wi-Fi no Mercado?<\/strong><\/h3>\r\n<div>Sim, existe wi-fi gratuito.<\/div>\r\n<h3><strong>Como \u00e9 o acesso ao WC?<\/strong><\/h3>\r\n<div>Os WC\u2019s do Time Out Market s\u00e3o de uso exclusivo dos seus clientes. Para utiliz\u00e1-los deve guardar o tal\u00e3o que recebeu quando fez a sua compra nos restaurantes do mercado e digitar o c\u00f3digo que nele consta, para ter acesso ao WC.<\/div>\r\n<h3><strong>O Mercado tem estacionamento?<\/strong><\/h3>\r\n<div>O mercado n\u00e3o possui estacionamento pr\u00f3prio, mas existem parques de estacionamento p\u00fablicos nas proximidades, com o Parque das Cardosas ou o Parque Dom Jo\u00e3o I<\/div>\r\n<h3><strong>\u00c9 permitida a entrada de animais?<\/strong><\/h3>\r\n<div>N\u00e3o \u00e9 permitida a presen\u00e7a de animais no Time Out Market, \u00e0 exce\u00e7\u00e3o de c\u00e3es-guia.<\/div>\r\n<\/div>","protected":false},"excerpt":{"rendered":"Qual \u00e9 o hor\u00e1rio de funcionamento? O Time Out Market Porto est\u00e1 aberto todos os dias das 10.00 \u00e0s 00.00. Quantos restaurantes tem o Time Out Market? O Time Out Market tem 16 espa\u00e7os: 12 restaurantes, uma loja, um bar\/restaurante, dois Time Out Bar. Posso reservar uma mesa? N\u00e3o fazemos reservas de mesas. Somos um [&hellip;]","protected":false},"author":1,"featured_media":0,"parent":0,"menu_order":0,"comment_status":"closed","ping_status":"closed","template":"page-faqs.php","meta":{"footnotes":""},"yoast_head":"<!-- This site is optimized with the Yoast SEO plugin v22.6 - https:\/\/yoast.com\/wordpress\/plugins\/seo\/ -->\n<title>Perguntas Frequentes - FAQs | Time Out Market Porto<\/title>\n<meta name=\"description\" content=\"Respondemos a todas as suas d\u00favidas sobre o Time Out Market Porto. Desde de como chegar ao mercado aos hor\u00e1rios de funcionamento. Visite-nos!\" \/>\n<meta name=\"robots\" content=\"index, follow, max-snippet:-1, max-image-preview:large, max-video-preview:-1\" \/>\n<link rel=\"canonical\" href=\"https:\/\/timeoutmarket.loadhtl.com\/porto\/faqs\/\" \/>\n<meta property=\"og:locale\" content=\"pt_PT\" \/>\n<meta property=\"og:type\" content=\"article\" \/>\n<meta property=\"og:title\" content=\"Perguntas Frequentes - FAQs | Time Out Market Porto\" \/>\n<meta property=\"og:description\" content=\"Respondemos a todas as suas d\u00favidas sobre o Time Out Market Porto. Desde de como chegar ao mercado aos hor\u00e1rios de funcionamento. Visite-nos!\" \/>\n<meta property=\"og:url\" content=\"https:\/\/timeoutmarket.loadhtl.com\/porto\/faqs\/\" \/>\n<meta property=\"og:site_name\" content=\"Time Out Market Porto\" \/>\n<meta property=\"article:publisher\" content=\"https:\/\/www.facebook.com\/TimeOutMarketLisboa\/\" \/>\n<meta property=\"article:modified_time\" content=\"2024-05-07T17:03:00+00:00\" \/>\n<meta name=\"twitter:card\" content=\"summary_large_image\" \/>\n<meta name=\"twitter:label1\" content=\"Tempo estimado de leitura\" \/>\n\t<meta name=\"twitter:data1\" content=\"3 minutos\" \/>\n<script type=\"application\/ld+json\" class=\"yoast-schema-graph\">{\"@context\":\"https:\/\/schema.org\",\"@graph\":[{\"@type\":\"WebPage\",\"@id\":\"https:\/\/timeoutmarket.loadhtl.com\/porto\/faqs\/\",\"url\":\"https:\/\/timeoutmarket.loadhtl.com\/porto\/faqs\/\",\"name\":\"Perguntas Frequentes - FAQs | Time Out Market Porto\",\"isPartOf\":{\"@id\":\"https:\/\/timeoutmarket.loadhtl.com\/porto\/#website\"},\"datePublished\":\"2020-01-13T18:21:14+00:00\",\"dateModified\":\"2024-05-07T17:03:00+00:00\",\"description\":\"Respondemos a todas as suas d\u00favidas sobre o Time Out Market Porto. Desde de como chegar ao mercado aos hor\u00e1rios de funcionamento. Visite-nos!\",\"breadcrumb\":{\"@id\":\"https:\/\/timeoutmarket.loadhtl.com\/porto\/faqs\/#breadcrumb\"},\"inLanguage\":\"pt-PT\",\"potentialAction\":[{\"@type\":\"ReadAction\",\"target\":[\"https:\/\/timeoutmarket.loadhtl.com\/porto\/faqs\/\"]}]},{\"@type\":\"BreadcrumbList\",\"@id\":\"https:\/\/timeoutmarket.loadhtl.com\/porto\/faqs\/#breadcrumb\",\"itemListElement\":[{\"@type\":\"ListItem\",\"position\":1,\"name\":\"Home\",\"item\":\"https:\/\/timeoutmarket.loadhtl.com\/porto\/\"},{\"@type\":\"ListItem\",\"position\":2,\"name\":\"Faq&#8217;s\"}]},{\"@type\":\"WebSite\",\"@id\":\"https:\/\/timeoutmarket.loadhtl.com\/porto\/#website\",\"url\":\"https:\/\/timeoutmarket.loadhtl.com\/porto\/\",\"name\":\"Time Out Market Porto\",\"description\":\"O MELHOR DO PORTO DEBAIXO DO MESMO TECTO\",\"potentialAction\":[{\"@type\":\"SearchAction\",\"target\":{\"@type\":\"EntryPoint\",\"urlTemplate\":\"https:\/\/timeoutmarket.loadhtl.com\/porto\/?s={search_term_string}\"},\"query-input\":\"required name=search_term_string\"}],\"inLanguage\":\"pt-PT\"}]}<\/script>\n<!-- \/ Yoast SEO plugin. -->","yoast_head_json":{"title":"Perguntas Frequentes - FAQs | Time Out Market Porto","description":"Respondemos a todas as suas d\u00favidas sobre o Time Out Market Porto. Desde de como chegar ao mercado aos hor\u00e1rios de funcionamento. Visite-nos!","robots":{"index":"index","follow":"follow","max-snippet":"max-snippet:-1","max-image-preview":"max-image-preview:large","max-video-preview":"max-video-preview:-1"},"canonical":"https:\/\/timeoutmarket.loadhtl.com\/porto\/faqs\/","og_locale":"pt_PT","og_type":"article","og_title":"Perguntas Frequentes - FAQs | Time Out Market Porto","og_description":"Respondemos a todas as suas d\u00favidas sobre o Time Out Market Porto. Desde de como chegar ao mercado aos hor\u00e1rios de funcionamento. Visite-nos!","og_url":"https:\/\/timeoutmarket.loadhtl.com\/porto\/faqs\/","og_site_name":"Time Out Market Porto","article_publisher":"https:\/\/www.facebook.com\/TimeOutMarketLisboa\/","article_modified_time":"2024-05-07T17:03:00+00:00","twitter_card":"summary_large_image","twitter_misc":{"Tempo estimado de leitura":"3 minutos"},"schema":{"@context":"https:\/\/schema.org","@graph":[{"@type":"WebPage","@id":"https:\/\/timeoutmarket.loadhtl.com\/porto\/faqs\/","url":"https:\/\/timeoutmarket.loadhtl.com\/porto\/faqs\/","name":"Perguntas Frequentes - FAQs | Time Out Market Porto","isPartOf":{"@id":"https:\/\/timeoutmarket.loadhtl.com\/porto\/#website"},"datePublished":"2020-01-13T18:21:14+00:00","dateModified":"2024-05-07T17:03:00+00:00","description":"Respondemos a todas as suas d\u00favidas sobre o Time Out Market Porto. Desde de como chegar ao mercado aos hor\u00e1rios de funcionamento. Visite-nos!","breadcrumb":{"@id":"https:\/\/timeoutmarket.loadhtl.com\/porto\/faqs\/#breadcrumb"},"inLanguage":"pt-PT","potentialAction":[{"@type":"ReadAction","target":["https:\/\/timeoutmarket.loadhtl.com\/porto\/faqs\/"]}]},{"@type":"BreadcrumbList","@id":"https:\/\/timeoutmarket.loadhtl.com\/porto\/faqs\/#breadcrumb","itemListElement":[{"@type":"ListItem","position":1,"name":"Home","item":"https:\/\/timeoutmarket.loadhtl.com\/porto\/"},{"@type":"ListItem","position":2,"name":"Faq&#8217;s"}]},{"@type":"WebSite","@id":"https:\/\/timeoutmarket.loadhtl.com\/porto\/#website","url":"https:\/\/timeoutmarket.loadhtl.com\/porto\/","name":"Time Out Market Porto","description":"O MELHOR DO PORTO DEBAIXO DO MESMO TECTO","potentialAction":[{"@type":"SearchAction","target":{"@type":"EntryPoint","urlTemplate":"https:\/\/timeoutmarket.loadhtl.com\/porto\/?s={search_term_string}"},"query-input":"required name=search_term_string"}],"inLanguage":"pt-PT"}]}},"publishpress_future_action":{"enabled":false,"date":"2026-05-09 17:51:01","action":"change-status","newStatus":"draft","terms":[],"taxonomy":""},"acf":false,"_links":{"self":[{"href":"https:\/\/timeoutmarket.loadhtl.com\/porto\/wp-json\/wp\/v2\/pages\/4470"}],"collection":[{"href":"https:\/\/timeoutmarket.loadhtl.com\/porto\/wp-json\/wp\/v2\/pages"}],"about":[{"href":"https:\/\/timeoutmarket.loadhtl.com\/porto\/wp-json\/wp\/v2\/types\/page"}],"author":[{"embeddable":true,"href":"https:\/\/timeoutmarket.loadhtl.com\/porto\/wp-json\/wp\/v2\/users\/1"}],"replies":[{"embeddable":true,"href":"https:\/\/timeoutmarket.loadhtl.com\/porto\/wp-json\/wp\/v2\/comments?post=4470"}],"version-history":[{"count":3,"href":"https:\/\/timeoutmarket.loadhtl.com\/porto\/wp-json\/wp\/v2\/pages\/4470\/revisions"}],"predecessor-version":[{"id":5798,"href":"https:\/\/timeoutmarket.loadhtl.com\/porto\/wp-json\/wp\/v2\/pages\/4470\/revisions\/5798"}],"wp:attachment":[{"href":"https:\/\/timeoutmarket.loadhtl.com\/porto\/wp-json\/wp\/v2\/media?parent=4470"}],"curies":[{"name":"wp","href":"https:\/\/api.w.org\/{rel}","templated":true}]}}