{"id":4455,"date":"2021-09-06T13:54:26","date_gmt":"2021-09-06T13:54:26","guid":{"rendered":"https:\/\/timeoutmarket.loadhtl.com\/porto\/terms-of-use\/"},"modified":"2024-05-07T17:24:05","modified_gmt":"2024-05-07T17:24:05","slug":"termos-de-uso","status":"publish","type":"page","link":"https:\/\/timeoutmarket.loadhtl.com\/porto\/termos-de-uso\/","title":{"rendered":"Time Out Market Cards Termos de uso"},"content":{"rendered":"<p class=\"p1\" style=\"text-align: center;\"><b>CART\u00d5ES TIME OUT MARKET<\/b><\/p>\r\n<p class=\"p2\" style=\"text-align: center;\"><span class=\"s1\"><b>\r\n<\/b><\/span><b>Condi\u00e7\u00f5es de utiliza\u00e7\u00e3o<\/b><\/p>\r\n<p class=\"p3\"><span class=\"s2\">\r\n<\/span>O Cart\u00e3o Time Out Market \u00e9 disponibilizado pelo Time Out Market Porto para facilitar todas as compras feitas nos espa\u00e7os e lojas do Mercado, evitando assim o uso de dinheiro. Pode ser carregado com qualquer quantia no Balc\u00e3o de Informa\u00e7\u00f5es, que fica no interior do <i>food hall<\/i>. S\u00f3 \u00e9 necess\u00e1rio adquirir um Cart\u00e3o Time Out Market caso n\u00e3o tenha ou prefira n\u00e3o usar o seu cart\u00e3o de cr\u00e9dito, d\u00e9bito ou MBway, que poder\u00e3o ser sempre usados como meios de pagamento no Time Out Market. O limite m\u00e1ximo de carregamentos por pessoa no Balc\u00e3o de Informa\u00e7\u00f5es \u00e9 de 10 cart\u00f5es. Para quantidades superiores, envie por favor um email para\u00a0<a href=\"mailto:infoporto@timeoutmarket.loadhtl.com\"><span class=\"s3\">infoporto@timeoutmarket.loadhtl.com<\/span><\/a> , indicando a quantidade de cart\u00f5es pretendido, quantia a carregar em cada cart\u00e3o e data da visita ao Time Out Market. Estes cart\u00f5es ficar\u00e3o depois dispon\u00edveis para levantamento no Balc\u00e3o de Informa\u00e7\u00f5es.<\/p>\r\n<p class=\"p3\">O Cart\u00e3o Time Out Market Porto apenas pode ser usado em todos as lojas que comp\u00f5e o Time Out Market Porto, com exclus\u00e3o de quaisquer outras.<\/p>\r\n<p class=\"p3\">O valor que carrega no seu Cart\u00e3o Time Out Market \u00e9 um pr\u00e9-pagamento que lhe d\u00e1 acesso \u00e0 compra de bens e servi\u00e7os nos espa\u00e7os e lojas do Time Out Market. Apresente o seu Cart\u00e3o no momento da compra e o saldo dispon\u00edvel no Cart\u00e3o ser\u00e1 aplicado ao pagamento da sua compra, desde que autorizada, sendo o valor aplicado subsequentemente deduzido ao saldo dispon\u00edvel no Cart\u00e3o. O valor creditado ou remanescente do saldo do Cart\u00e3o Time Out Market n\u00e3o pode ser trocado por dinheiro.<\/p>\r\n<p class=\"p3\">Trate do seu Cart\u00e3o Time Out Market como sendo dinheiro. O Time Out Market n\u00e3o se responsabiliza por cart\u00f5es perdidos ou roubados ou por qualquer uso n\u00e3o autorizado de cart\u00f5es. Nenhum reembolso ser\u00e1 fornecido em qualquer Cart\u00e3o Time Out Market perdido ou roubado.<span class=\"s4\">\r\n<\/span><\/p>\r\n<p class=\"p3\"><b>Custo do Cart\u00e3o<\/b><\/p>\r\n<p class=\"p3\">O Cart\u00e3o tem um custo de 1,5\u20ac.<\/p>\r\n<p class=\"p3\"><b>Taxas\r\n<\/b>Nenhuma taxa ser\u00e1 cobrada pela ativa\u00e7\u00e3o, utiliza\u00e7\u00e3o ou inatividade relacionada com o seu Cart\u00e3o Time Out Market.<\/p>\r\n<p class=\"p3\"><b>Validade\r\n<\/b>O Cart\u00e3o Time Out Market tem validade de um ano, a contar da data da primeira utiliza\u00e7\u00e3o.<\/p>\r\n<p class=\"p3\"><b>Saldo n\u00e3o utilizado<\/b><\/p>\r\n<p class=\"p3\">O saldo n\u00e3o utilizado do seu Cart\u00e3o Time Out Market n\u00e3o ser\u00e1 devolvido. O valor no Cart\u00e3o poder\u00e1 ser acompanhado de outros m\u00e9todos de pagamento por forma a totalizar o valor da compra.<\/p>\r\n<p class=\"p3\">O Time Out Market Porto reserva-se o direito de n\u00e3o aceitar ou limitar o uso de determinado Cart\u00e3o se suspeitar que est\u00e1 a ser usado de forma n\u00e3o autorizada, fraudulenta ou ilegal, por forma a limitar o seu risco. O Time Out Market Porto apenas assegurar\u00e1 o valor carregado num Cart\u00e3o Time Out Market Porto se este tiver sido comprado diretamente ao Time Out Market Porto, se ainda for v\u00e1lido nos termos referidos anteriormente e se o mesmo se encontrar em bom estado.<\/p>","protected":false},"excerpt":{"rendered":"CART\u00d5ES TIME OUT MARKET Condi\u00e7\u00f5es de utiliza\u00e7\u00e3o O Cart\u00e3o Time Out Market \u00e9 disponibilizado pelo Time Out Market Porto para facilitar todas as compras feitas nos espa\u00e7os e lojas do Mercado, evitando assim o uso de dinheiro. Pode ser carregado com qualquer quantia no Balc\u00e3o de Informa\u00e7\u00f5es, que fica no interior do food hall. S\u00f3 [&hellip;]","protected":false},"author":1,"featured_media":0,"parent":0,"menu_order":0,"comment_status":"closed","ping_status":"closed","template":"page-terms.php","meta":{"footnotes":""},"yoast_head":"<!-- This site is optimized with the Yoast SEO plugin v22.6 - https:\/\/yoast.com\/wordpress\/plugins\/seo\/ -->\n<title>Termos de Uso Cart\u00f5es | Time Out Market Porto<\/title>\n<meta name=\"description\" content=\"Conhe\u00e7a os termos de uso do Cart\u00e3o Time Out Market Porto. Facilite suas compras sem dinheiro e recarregue facilmente no Balc\u00e3o de Informa\u00e7\u00f5es. Saiba mais!\" \/>\n<meta name=\"robots\" content=\"index, follow, max-snippet:-1, max-image-preview:large, max-video-preview:-1\" \/>\n<link rel=\"canonical\" href=\"https:\/\/timeoutmarket.loadhtl.com\/porto\/termos-de-uso\/\" \/>\n<meta property=\"og:locale\" content=\"pt_PT\" \/>\n<meta property=\"og:type\" content=\"article\" \/>\n<meta property=\"og:title\" content=\"Termos de Uso Cart\u00f5es | Time Out Market Porto\" \/>\n<meta property=\"og:description\" content=\"Conhe\u00e7a os termos de uso do Cart\u00e3o Time Out Market Porto. Facilite suas compras sem dinheiro e recarregue facilmente no Balc\u00e3o de Informa\u00e7\u00f5es. Saiba mais!\" \/>\n<meta property=\"og:url\" content=\"https:\/\/timeoutmarket.loadhtl.com\/porto\/termos-de-uso\/\" \/>\n<meta property=\"og:site_name\" content=\"Time Out Market Porto\" \/>\n<meta property=\"article:publisher\" content=\"https:\/\/www.facebook.com\/TimeOutMarketLisboa\/\" \/>\n<meta property=\"article:modified_time\" content=\"2024-05-07T17:24:05+00:00\" \/>\n<meta name=\"twitter:card\" content=\"summary_large_image\" \/>\n<meta name=\"twitter:label1\" content=\"Tempo estimado de leitura\" \/>\n\t<meta name=\"twitter:data1\" content=\"3 minutos\" \/>\n<script type=\"application\/ld+json\" class=\"yoast-schema-graph\">{\"@context\":\"https:\/\/schema.org\",\"@graph\":[{\"@type\":\"WebPage\",\"@id\":\"https:\/\/timeoutmarket.loadhtl.com\/porto\/termos-de-uso\/\",\"url\":\"https:\/\/timeoutmarket.loadhtl.com\/porto\/termos-de-uso\/\",\"name\":\"Termos de Uso Cart\u00f5es | Time Out Market Porto\",\"isPartOf\":{\"@id\":\"https:\/\/timeoutmarket.loadhtl.com\/porto\/#website\"},\"datePublished\":\"2021-09-06T13:54:26+00:00\",\"dateModified\":\"2024-05-07T17:24:05+00:00\",\"description\":\"Conhe\u00e7a os termos de uso do Cart\u00e3o Time Out Market Porto. Facilite suas compras sem dinheiro e recarregue facilmente no Balc\u00e3o de Informa\u00e7\u00f5es. Saiba mais!\",\"breadcrumb\":{\"@id\":\"https:\/\/timeoutmarket.loadhtl.com\/porto\/termos-de-uso\/#breadcrumb\"},\"inLanguage\":\"pt-PT\",\"potentialAction\":[{\"@type\":\"ReadAction\",\"target\":[\"https:\/\/timeoutmarket.loadhtl.com\/porto\/termos-de-uso\/\"]}]},{\"@type\":\"BreadcrumbList\",\"@id\":\"https:\/\/timeoutmarket.loadhtl.com\/porto\/termos-de-uso\/#breadcrumb\",\"itemListElement\":[{\"@type\":\"ListItem\",\"position\":1,\"name\":\"Home\",\"item\":\"https:\/\/timeoutmarket.loadhtl.com\/porto\/\"},{\"@type\":\"ListItem\",\"position\":2,\"name\":\"Time Out Market Cards Termos de uso\"}]},{\"@type\":\"WebSite\",\"@id\":\"https:\/\/timeoutmarket.loadhtl.com\/porto\/#website\",\"url\":\"https:\/\/timeoutmarket.loadhtl.com\/porto\/\",\"name\":\"Time Out Market Porto\",\"description\":\"O MELHOR DO PORTO DEBAIXO DO MESMO TECTO\",\"potentialAction\":[{\"@type\":\"SearchAction\",\"target\":{\"@type\":\"EntryPoint\",\"urlTemplate\":\"https:\/\/timeoutmarket.loadhtl.com\/porto\/?s={search_term_string}\"},\"query-input\":\"required name=search_term_string\"}],\"inLanguage\":\"pt-PT\"}]}<\/script>\n<!-- \/ Yoast SEO plugin. -->","yoast_head_json":{"title":"Termos de Uso Cart\u00f5es | Time Out Market Porto","description":"Conhe\u00e7a os termos de uso do Cart\u00e3o Time Out Market Porto. Facilite suas compras sem dinheiro e recarregue facilmente no Balc\u00e3o de Informa\u00e7\u00f5es. Saiba mais!","robots":{"index":"index","follow":"follow","max-snippet":"max-snippet:-1","max-image-preview":"max-image-preview:large","max-video-preview":"max-video-preview:-1"},"canonical":"https:\/\/timeoutmarket.loadhtl.com\/porto\/termos-de-uso\/","og_locale":"pt_PT","og_type":"article","og_title":"Termos de Uso Cart\u00f5es | Time Out Market Porto","og_description":"Conhe\u00e7a os termos de uso do Cart\u00e3o Time Out Market Porto. Facilite suas compras sem dinheiro e recarregue facilmente no Balc\u00e3o de Informa\u00e7\u00f5es. Saiba mais!","og_url":"https:\/\/timeoutmarket.loadhtl.com\/porto\/termos-de-uso\/","og_site_name":"Time Out Market Porto","article_publisher":"https:\/\/www.facebook.com\/TimeOutMarketLisboa\/","article_modified_time":"2024-05-07T17:24:05+00:00","twitter_card":"summary_large_image","twitter_misc":{"Tempo estimado de leitura":"3 minutos"},"schema":{"@context":"https:\/\/schema.org","@graph":[{"@type":"WebPage","@id":"https:\/\/timeoutmarket.loadhtl.com\/porto\/termos-de-uso\/","url":"https:\/\/timeoutmarket.loadhtl.com\/porto\/termos-de-uso\/","name":"Termos de Uso Cart\u00f5es | Time Out Market Porto","isPartOf":{"@id":"https:\/\/timeoutmarket.loadhtl.com\/porto\/#website"},"datePublished":"2021-09-06T13:54:26+00:00","dateModified":"2024-05-07T17:24:05+00:00","description":"Conhe\u00e7a os termos de uso do Cart\u00e3o Time Out Market Porto. Facilite suas compras sem dinheiro e recarregue facilmente no Balc\u00e3o de Informa\u00e7\u00f5es. Saiba mais!","breadcrumb":{"@id":"https:\/\/timeoutmarket.loadhtl.com\/porto\/termos-de-uso\/#breadcrumb"},"inLanguage":"pt-PT","potentialAction":[{"@type":"ReadAction","target":["https:\/\/timeoutmarket.loadhtl.com\/porto\/termos-de-uso\/"]}]},{"@type":"BreadcrumbList","@id":"https:\/\/timeoutmarket.loadhtl.com\/porto\/termos-de-uso\/#breadcrumb","itemListElement":[{"@type":"ListItem","position":1,"name":"Home","item":"https:\/\/timeoutmarket.loadhtl.com\/porto\/"},{"@type":"ListItem","position":2,"name":"Time Out Market Cards Termos de uso"}]},{"@type":"WebSite","@id":"https:\/\/timeoutmarket.loadhtl.com\/porto\/#website","url":"https:\/\/timeoutmarket.loadhtl.com\/porto\/","name":"Time Out Market Porto","description":"O MELHOR DO PORTO DEBAIXO DO MESMO TECTO","potentialAction":[{"@type":"SearchAction","target":{"@type":"EntryPoint","urlTemplate":"https:\/\/timeoutmarket.loadhtl.com\/porto\/?s={search_term_string}"},"query-input":"required name=search_term_string"}],"inLanguage":"pt-PT"}]}},"publishpress_future_action":{"enabled":false,"date":"2026-05-09 17:51:02","action":"change-status","newStatus":"draft","terms":[],"taxonomy":""},"acf":false,"_links":{"self":[{"href":"https:\/\/timeoutmarket.loadhtl.com\/porto\/wp-json\/wp\/v2\/pages\/4455"}],"collection":[{"href":"https:\/\/timeoutmarket.loadhtl.com\/porto\/wp-json\/wp\/v2\/pages"}],"about":[{"href":"https:\/\/timeoutmarket.loadhtl.com\/porto\/wp-json\/wp\/v2\/types\/page"}],"author":[{"embeddable":true,"href":"https:\/\/timeoutmarket.loadhtl.com\/porto\/wp-json\/wp\/v2\/users\/1"}],"replies":[{"embeddable":true,"href":"https:\/\/timeoutmarket.loadhtl.com\/porto\/wp-json\/wp\/v2\/comments?post=4455"}],"version-history":[{"count":3,"href":"https:\/\/timeoutmarket.loadhtl.com\/porto\/wp-json\/wp\/v2\/pages\/4455\/revisions"}],"predecessor-version":[{"id":5810,"href":"https:\/\/timeoutmarket.loadhtl.com\/porto\/wp-json\/wp\/v2\/pages\/4455\/revisions\/5810"}],"wp:attachment":[{"href":"https:\/\/timeoutmarket.loadhtl.com\/porto\/wp-json\/wp\/v2\/media?parent=4455"}],"curies":[{"name":"wp","href":"https:\/\/api.w.org\/{rel}","templated":true}]}}