{"id":9309,"date":"2021-12-21T14:26:07","date_gmt":"2021-12-21T14:26:07","guid":{"rendered":"https:\/\/timeoutmarket.loadhtl.com\/lisboa\/?page_id=9309"},"modified":"2022-09-26T16:42:21","modified_gmt":"2022-09-26T16:42:21","slug":"faqs","status":"publish","type":"page","link":"https:\/\/timeoutmarket.loadhtl.com\/lisboa\/faqs\/","title":{"rendered":"Faq&#8217;s"},"content":{"rendered":"<div id=\"accordion\">\r\n<h3><strong>Quais os hor\u00e1rios de funcionamento?<\/strong><\/h3>\r\n<div>O Time Out Market est\u00e1 aberto todos os dias, das 10.00 \u00e0s 00.00 (exceto sextas e s\u00e1bados que encerramos \u00e0s 01.00).<\/div>\r\n<h3><strong>Posso reservar uma mesa?<\/strong><\/h3>\r\n<div>N\u00e3o reservamos mesas. Somos um <em>food hall<\/em> e por isso temos uma abordagem mais casual, com mesas comuns. \u00c0 chegada, basta sentar-se num lugar livre e disfrutar de uma experi\u00eancia gastron\u00f3mica.<\/div>\r\n<h3><strong>Posso arrendar um espa\u00e7o no Time Out Market?<\/strong><\/h3>\r\n<div>O <a href=\"https:\/\/timeoutmarket.loadhtl.com\/lisboa\/conceito\/\" target=\"_blank\" rel=\"noopener\">conceito do Time Out Market<\/a> est\u00e1 diretamente ligado \u00e0 revista Time Out, o que pressup\u00f5e que qualquer espa\u00e7o que venha a integrar o Mercado exista previamente em Lisboa e tenha sido avaliado com pelo menos 4 ou 5 estrelas pelos cr\u00edticos da revista. Caso o seu projeto cumpra estes requisitos, envie-nos a informa\u00e7\u00e3o para infolisboa@timeoutmarket.loadhtl.com. Registaremos o seu interesse e, caso surja uma oportunidade, entraremos em contacto consigo.<\/div>\r\n<h3><strong>Quantos restaurantes tem o Mercado Time Out?<\/strong><\/h3>\r\n<div>O Time Out Market conta com mais de 25 restaurantes, todos eles considerados dos melhores de Lisboa, e ainda 8 bares e mais de uma dezena de espa\u00e7os comerciais. Para conhecer todos os espa\u00e7os consulte:\u00a0<a href=\"https:\/\/timeoutmarket.loadhtl.com\/lisboa\/comer-e-beber\/\" target=\"_blank\" rel=\"noopener\">Comer e Beber<\/a>.<\/div>\r\n<h3><strong>Aceitam pagamentos em dinheiro e cart\u00f5es?<\/strong><\/h3>\r\n<div>Aceitamos pagamento feito com cart\u00f5es de cr\u00e9dito, d\u00e9bito, MBWay e TOM Cards. Estes podem ser adquiridos e carregados na <a href=\"https:\/\/timeoutmarket.loadhtl.com\/lisboa\/comer-e-beber\/time-out-shop\/\" target=\"_blank\" rel=\"noopener\">Time Out Shop<\/a> e t\u00eam a validade de 1 ano. S\u00e3o tamb\u00e9m um excelente presente, uma vez que os pode oferecer como <em>Gift Card<\/em>. <a href=\"https:\/\/timeoutmarket.loadhtl.com\/lisboa\/wp-content\/uploads\/2022\/09\/Condicoes-de-Utilizacao-TOM-Cards-2022-PT.pdf\">Veja os termos e condi\u00e7\u00f5es aqui<\/a>.<\/div>\r\n<h3><strong>T\u00eam cart\u00f5es de oferta para o Time Out Market?<\/strong><\/h3>\r\n<div>Os nossos Time Out Market Cards (ou <em>Gift Cards<\/em>) s\u00e3o cart\u00f5es individuais pr\u00e9-pagos e com validade de 1 ano que podem ser adquiridos e carregados na <a href=\"https:\/\/timeoutmarket.loadhtl.com\/lisboa\/comer-e-beber\/time-out-shop\/\" target=\"_blank\" rel=\"noopener\">Time Out Shop<\/a>. Podem ser uma excelente oferta! Al\u00e9m disso, temos vouchers de oferta para os <a href=\"https:\/\/timeoutmarket.loadhtl.com\/lisboa\/cursos-de-cozinha\/\" target=\"_blank\" rel=\"noopener\">worskhops de cozinha<\/a> da Academia Time Out. Para comprar ou informa\u00e7\u00f5es consulte:\u00a0<a href=\"https:\/\/timeoutmarket.loadhtl.com\/lisboa\/empresas\/academia\/#vouchers\" target=\"_blank\" rel=\"noopener\">vouchers da Academia<\/a>.<\/div>\r\n<h3><strong>Posso alugar o Est\u00fadio Time Out para um evento privado ou corporativo?<\/strong><\/h3>\r\n<div>Sim. O <a href=\"https:\/\/timeoutmarket.loadhtl.com\/lisboa\/empresas\/estudio\/\" target=\"_blank\" rel=\"noopener\">Est\u00fadio Time Out<\/a> est\u00e1 habilitado para receber encontros corporativos, apresenta\u00e7\u00f5es de pr\u00e9mios, reuni\u00f5es de vendas, desfiles de moda, ou festas privadas, entre outros formatos. Contacte-nos para mais informa\u00e7\u00f5es atrav\u00e9s de eventos@timeoutmarket.loadhtl.com.<\/div>\r\n<h3><strong>Posso fazer um evento privado ou corporativo na Academia Time Out?<\/strong><\/h3>\r\n<div>Sim! Al\u00e9m das aulas de cozinha e master classes, \u00e9 poss\u00edvel organizar ativa\u00e7\u00f5es de marca, anivers\u00e1rios, eventos de <em>team building<\/em>, entre outros, na <a href=\"https:\/\/timeoutmarket.loadhtl.com\/lisboa\/empresas\/academia\/\" target=\"_blank\" rel=\"noopener\">Academia Time Out<\/a>. Este \u00e9 um espa\u00e7o diferente e inspirador para todo o tipo de p\u00fablicos. Gostaria de saber mais?\u00a0Veja as <a href=\"https:\/\/timeoutmarket.loadhtl.com\/lisboa\/empresas\/\" target=\"_blank\" rel=\"noopener\">solu\u00e7\u00f5es para empresas<\/a> ou contacte-nos atrav\u00e9s de academia@timeoutmarket.loadhtl.com.<\/div>\r\n<h3><strong>\u00c9 poss\u00edvel fazer workshops de cozinha no Mercado?<\/strong><\/h3>\r\n<div>Sim, no Piso 0, junto \u00e0 loja da Vida Portuguesa e ao Time Out Bar, ir\u00e1 encontrar a <a href=\"https:\/\/timeoutmarket.loadhtl.com\/lisboa\/empresas\/academia\/\" target=\"_blank\" rel=\"noopener\">Academia Time Out<\/a>, a primeira escola de cozinha a funcionar dentro de um <em>food hall<\/em>. Os bilhetes dever\u00e3o ser adquiridos com anteced\u00eancia. Consulte toda a programa\u00e7\u00e3o:\u00a0<a href=\"https:\/\/timeoutmarket.loadhtl.com\/lisboa\/cursos-de-cozinha\/\" target=\"_blank\" rel=\"noopener\">cursos de cozinha<\/a>.<\/div>\r\n<h3><strong>Onde posso adquirir bilhetes para os workshops da Academia Time Out?<\/strong><\/h3>\r\n<div>Poder\u00e1 adquirir os bilhetes para os workshops da Academia na <a href=\"https:\/\/ticketline.sapo.pt\/pesquisa?query=academia+time+out&amp;district=&amp;venue=&amp;category=&amp;from=&amp;to=\" target=\"_blank\" rel=\"noopener\">Ticketline<\/a>, em lojas FNAC ou na\u00a0<a href=\"https:\/\/timeoutmarket.loadhtl.com\/lisboa\/comer-e-beber\/time-out-shop\/\" target=\"_blank\" rel=\"noopener\">Loja Time Out<\/a>, no Piso 0 do Time Out Market Lisboa.<\/div>\r\n<h3><strong>Posso oferecer um voucher para um workshop da Academia?<\/strong><\/h3>\r\n<div>Os workshops da Academia Time Out podem ser um presente para oferecer a quem mais se gosta. Os vouchers podem ser adquiridos na <a href=\"https:\/\/ticketline.sapo.pt\/evento\/voucher-oferta-ws-de-cozinha-academia-timeo-52471\" target=\"_blank\" rel=\"noopener\">Ticketline<\/a>, lojas FNAC ou na <a href=\"https:\/\/timeoutmarket.loadhtl.com\/lisboa\/comer-e-beber\/time-out-shop\/\" target=\"_blank\" rel=\"noopener\">Time Out Shop<\/a>, localizada no Time Out Market Lisboa, e t\u00eam uma validade de 6 meses ap\u00f3s a compra. A pessoa que recebe o voucher dever\u00e1 escolher o workshop que deseja e marcar diretamente com a equipa da Academia Time Out atrav\u00e9s do email academia@timeoutmarket.loadhtl.com. Consulte mais informa\u00e7\u00f5es: <a href=\"https:\/\/timeoutmarket.loadhtl.com\/lisboa\/empresas\/academia\/#vouchers\" target=\"_blank\" rel=\"noopener\">vouchers para workshops da Academia<\/a>.<\/div>\r\n<h3><strong>Onde posso ver a programa\u00e7\u00e3o de espet\u00e1culos?<\/strong><\/h3>\r\n<div>A agenda de eventos do Time Out Market Lisboa est\u00e1 dispon\u00edvel para consulta na nossa p\u00e1gina <a href=\"https:\/\/timeoutmarket.loadhtl.com\/lisboa\/eventos-e-espectaculos\/\" target=\"_blank\" rel=\"noopener\">Eventos &amp; Espet\u00e1culos<\/a>. Poder\u00e1 filtrar por EST\u00daDIO, para consultar os pr\u00f3ximos eventos do Est\u00fadio Time Out, ou por FOOD HALL, para ver os pr\u00f3ximos eventos gratuitos que temos a acontecer no centro do Mercado. Todos os meses, atualizamos a nossa agenda, fique atento(a)!<\/div>\r\n<h3><strong>Posso encomendar\/fazer take-away?<\/strong><\/h3>\r\n<div>Sim! Em exclusivo com a <a href=\"https:\/\/glovoapp.com\/pt\/pt\/lisboa\/time-out-market-lis\/\" target=\"_blank\" rel=\"noopener\">app Glovo<\/a>, pode agora encomendar de todos os restaurantes do Mercado numa \u00fanica entrega. Se preferir a op\u00e7\u00e3o de <em>takeaway<\/em>, tamb\u00e9m \u00e9 poss\u00edvel na app Glovo ou no momento do pedido, diretamente no restaurante.<\/div>\r\n<h3><strong>H\u00e1 restaurantes vegetarianos?<\/strong><\/h3>\r\n<div>No Time Out Market n\u00e3o temos restaurantes exclusivamente vegetarianos, mas temos v\u00e1rias op\u00e7\u00f5es vegetarianas. Por exemplo, poder\u00e1 encontrar op\u00e7\u00f5es vegetarianas nas seguintes lojas: Cozinha da Felicidade, Henrique S\u00e1 Pessoa, Marlene Vieira, Croqueteria, Asian Lab, ZeroZero, Cr\u00e8me de La Cr\u00e8me, e o Ground Burger tamb\u00e9m tem um hamburguer vegetariano delicioso.<\/div>\r\n<h3><strong>H\u00e1 Wi-Fi no Mercado?<\/strong><\/h3>\r\n<div>Sim, poder\u00e1 ligar-se ao Wi-Fi gratuito do Time Out Market assim que chegar.<\/div>\r\n<h3><strong>O Mercado tem estacionamento?<\/strong><\/h3>\r\n<div>Existe um\u00a0<span class=\"il\">parque<\/span>\u00a0de estacionamento p\u00fablico mesmo ao lado do Mercado a funcionar 24H, para al\u00e9m de estarmos junto a todos os transportes p\u00fablicos (metro, comboio, el\u00e9trico, autocarros, barco).<\/div>\r\n<\/div>","protected":false},"excerpt":{"rendered":"Quais os hor\u00e1rios de funcionamento? O Time Out Market est\u00e1 aberto todos os dias, das 10.00 \u00e0s 00.00 (exceto sextas e s\u00e1bados que encerramos \u00e0s 01.00). Posso reservar uma mesa? N\u00e3o reservamos mesas. Somos um food hall e por isso temos uma abordagem mais casual, com mesas comuns. \u00c0 chegada, basta sentar-se num lugar livre [&hellip;]","protected":false},"author":19,"featured_media":0,"parent":0,"menu_order":0,"comment_status":"closed","ping_status":"closed","template":"","meta":{"amp_status":""},"acf":[],"_links":{"self":[{"href":"https:\/\/timeoutmarket.loadhtl.com\/lisboa\/wp-json\/wp\/v2\/pages\/9309"}],"collection":[{"href":"https:\/\/timeoutmarket.loadhtl.com\/lisboa\/wp-json\/wp\/v2\/pages"}],"about":[{"href":"https:\/\/timeoutmarket.loadhtl.com\/lisboa\/wp-json\/wp\/v2\/types\/page"}],"author":[{"embeddable":true,"href":"https:\/\/timeoutmarket.loadhtl.com\/lisboa\/wp-json\/wp\/v2\/users\/19"}],"replies":[{"embeddable":true,"href":"https:\/\/timeoutmarket.loadhtl.com\/lisboa\/wp-json\/wp\/v2\/comments?post=9309"}],"version-history":[{"count":35,"href":"https:\/\/timeoutmarket.loadhtl.com\/lisboa\/wp-json\/wp\/v2\/pages\/9309\/revisions"}],"predecessor-version":[{"id":10086,"href":"https:\/\/timeoutmarket.loadhtl.com\/lisboa\/wp-json\/wp\/v2\/pages\/9309\/revisions\/10086"}],"wp:attachment":[{"href":"https:\/\/timeoutmarket.loadhtl.com\/lisboa\/wp-json\/wp\/v2\/media?parent=9309"}],"curies":[{"name":"wp","href":"https:\/\/api.w.org\/{rel}","templated":true}]}}