{"id":6684,"date":"2019-09-04T16:43:45","date_gmt":"2019-09-04T16:43:45","guid":{"rendered":"https:\/\/timeoutmarket.loadhtl.com\/lisboa\/?page_id=6684"},"modified":"2022-10-21T11:12:12","modified_gmt":"2022-10-21T11:12:12","slug":"estudio","status":"publish","type":"page","link":"https:\/\/timeoutmarket.loadhtl.com\/lisboa\/empresas\/estudio\/","title":{"rendered":"Est\u00fadio"},"content":{"rendered":"","protected":false},"excerpt":{"rendered":"","protected":false},"author":1,"featured_media":0,"parent":6678,"menu_order":0,"comment_status":"closed","ping_status":"closed","template":"timeout_empresas_estudio.php","meta":{"amp_status":""},"acf":{"title_estudio":"EST\u00daDIO TIME OUT","description_estudio":"Com uma <a href=\"https:\/\/timeoutmarket.loadhtl.com\/lisboa\/eventos-e-espectaculos\/\" target=\"_blank\" rel=\"noopener\">agenda de eventos culturais<\/a>, abertos ao p\u00fablico e com curadoria Time Out, o Est\u00fadio Time Out \u00e9 tamb\u00e9m um espa\u00e7o \u00fanico e privilegiado dentro do Mercado, preparado para receber todo o tipo de eventos corporativos ou culturais. De concertos a exposi\u00e7\u00f5es, de passagens de modelo e feiras profissionais, lan\u00e7amentos e ativa\u00e7\u00f5es de marcas, confer\u00eancias ou festas corporativas, o Est\u00fadio Time Out \u00e9 uma sala \u00fanica no centro de Lisboa, com vista para o Mercado e in\u00fameras possibilidades para as necessidades de promotores, empresas e clientes. Estamos totalmente preparados para organizar o seu evento privado, quer seja presencial, virtual ou em formato h\u00edbrido.","btn_estudio":"PEDIR INFORMA\u00c7\u00d5ES","blue_title_estudio":"O Que Oferecemos","title_estudio_2":"O EST\u00daDIO TIME OUT EST\u00c1 EQUIPADO COM","icon_estudio_1":"Sistema de som","icon_estudio_2":"Luzes de palco","icon_estudio_3":"Palco amov\u00edvel","icon_estudio_4":"Cadeiras de plateia","icon_estudio_5":"Screen Wall","icon_estudio_6":"Zona de Check-in","icon_estudio_7":"Bengaleiro","icon_estudio_8":"Bar","icon_estudio_9":"Copa","icon_estudio_10":"Dois Camarins","icon_estudio_11":"Casas de banho de apoio","blue_title_gallery_estudio":"Galeria","title_estudio_3":"OS NOSSOS EVENTOS","blue_title_form_estudio":"Organize O Seu Evento","title_form_estudio":"PEDIR INFORMA\u00c7\u00d5ES","description_form_estudio":"<p>Gostaria de organizar um evento privado, corporativo ou cultural no Est\u00fadio Time Out? Estamos dispon\u00edveis para ajudar a encontrar a melhor solu\u00e7\u00e3o.<br \/>\nPor favor, contacte-nos:<\/p>\n<p><!--\nFormul\u00e1rio indispon\u00edvel de momento.\n\nEnvie por favor um email para <a href=\"eventos@timeoutmarket.loadhtl.com\">eventos@timeoutmarket.loadhtl.com<\/a>\n--><\/p>\n","shortcode_form_estudio":"[contact-form-7 id=\"6687\" title=\"Empresas\"]"},"_links":{"self":[{"href":"https:\/\/timeoutmarket.loadhtl.com\/lisboa\/wp-json\/wp\/v2\/pages\/6684"}],"collection":[{"href":"https:\/\/timeoutmarket.loadhtl.com\/lisboa\/wp-json\/wp\/v2\/pages"}],"about":[{"href":"https:\/\/timeoutmarket.loadhtl.com\/lisboa\/wp-json\/wp\/v2\/types\/page"}],"author":[{"embeddable":true,"href":"https:\/\/timeoutmarket.loadhtl.com\/lisboa\/wp-json\/wp\/v2\/users\/1"}],"replies":[{"embeddable":true,"href":"https:\/\/timeoutmarket.loadhtl.com\/lisboa\/wp-json\/wp\/v2\/comments?post=6684"}],"version-history":[{"count":16,"href":"https:\/\/timeoutmarket.loadhtl.com\/lisboa\/wp-json\/wp\/v2\/pages\/6684\/revisions"}],"predecessor-version":[{"id":10170,"href":"https:\/\/timeoutmarket.loadhtl.com\/lisboa\/wp-json\/wp\/v2\/pages\/6684\/revisions\/10170"}],"up":[{"embeddable":true,"href":"https:\/\/timeoutmarket.loadhtl.com\/lisboa\/wp-json\/wp\/v2\/pages\/6678"}],"wp:attachment":[{"href":"https:\/\/timeoutmarket.loadhtl.com\/lisboa\/wp-json\/wp\/v2\/media?parent=6684"}],"curies":[{"name":"wp","href":"https:\/\/api.w.org\/{rel}","templated":true}]}}