{"id":6680,"date":"2019-09-04T16:40:32","date_gmt":"2019-09-04T16:40:32","guid":{"rendered":"https:\/\/timeoutmarket.loadhtl.com\/lisboa\/?page_id=6680"},"modified":"2022-10-25T16:53:50","modified_gmt":"2022-10-25T16:53:50","slug":"academia","status":"publish","type":"page","link":"https:\/\/timeoutmarket.loadhtl.com\/lisboa\/empresas\/academia\/","title":{"rendered":"Academia"},"content":{"rendered":"","protected":false},"excerpt":{"rendered":"","protected":false},"author":1,"featured_media":0,"parent":6678,"menu_order":0,"comment_status":"closed","ping_status":"closed","template":"timeout_empresas_academia.php","meta":{"amp_status":""},"acf":{"title_academia":"ACADEMIA TIME OUT","description_academia":"<p>A Academia Time Out \u00e9 o espa\u00e7o para eventos ideal, para si ou para a sua empresa!<br \/>\nEst\u00e1 totalmente equipada \u2013 com o apoio da marca de refer\u00eancia Teka \u2013 para a realiza\u00e7\u00e3o de eventos culin\u00e1rios, desde o equipamento de cozinha, utens\u00edlios, loi\u00e7a, e claro, o suporte da nossa equipa. Disponibiliza ainda 22 lugares sentados, permitindo que todos os seus convidados possam desfrutar da sua refei\u00e7\u00e3o dentro do espa\u00e7o.<\/p>\n","btn_academia":"PEDIR INFORMA\u00c7\u00d5ES","blue_title_area_2_academia":"O Que Oferecemos","title_area_2_academia":"NA ACADEMIA TIME OUT ORGANIZAMOS","icon_1_academia":"Sess\u00f5es de team building","icon_2_academia":"Eventos empresariais","icon_3_academia":"Activa\u00e7\u00f5es de Marca","icon_4_academia":"Workshops","icon_5_academia":"Cursos","icon_6_academia":"Show cookings","icon_7_academia":"Festas de Anivers\u00e1rio","icon_8_academia":"Despedidas de Solteiro(a)","title_3_academia":"VOUCHERS","description_3_academia":"<p>Os vouchers para os workshops da Academia Time Out est\u00e3o dispon\u00edveis em formato digital na da Ticketline. <a href=\"https:\/\/ticketline.sapo.pt\/evento\/voucher-oferta-ws-de-cozinha-academia-timeo-52471\">COMPRE AQUI.<\/a><\/p>\n<p>Os vouchers t\u00eam uma validade de seis meses ap\u00f3s a compra.<\/p>\n<h2>Como utilizar o voucher Academia Time Out?<\/h2>\n<p>Consulte a agenda de workshops de cozinha da Academia Time Out. Os workshops devem ser marcados directamente com a equipa da Academia Time Out atrav\u00e9s do e-mail <i>academia@timeoutmarket.loadhtl.com<\/i>, indicando qual o workshop que escolheu fazer e o n\u00famero do c\u00f3digo de barras.<\/p>\n","blue_title_gallery":"Galeria","title_gallery_academia":"OS NOSSOS EVENTOS","blue_title_form_academia":"Organize O Seu Evento","title_form_academia":"PEDIR INFORMA\u00c7\u00d5ES","description_form_academia":"<p>Gostaria de organizar um evento privado na Academia Time Out? Estamos dispon\u00edveis para ajudar a encontrar a melhor solu\u00e7\u00e3o.<br \/>\nPor favor, contacte-nos:<\/p>\n","shortcode_form_academia":"[contact-form-7 id=\"6689\" title=\"Empresas Academia\"]"},"_links":{"self":[{"href":"https:\/\/timeoutmarket.loadhtl.com\/lisboa\/wp-json\/wp\/v2\/pages\/6680"}],"collection":[{"href":"https:\/\/timeoutmarket.loadhtl.com\/lisboa\/wp-json\/wp\/v2\/pages"}],"about":[{"href":"https:\/\/timeoutmarket.loadhtl.com\/lisboa\/wp-json\/wp\/v2\/types\/page"}],"author":[{"embeddable":true,"href":"https:\/\/timeoutmarket.loadhtl.com\/lisboa\/wp-json\/wp\/v2\/users\/1"}],"replies":[{"embeddable":true,"href":"https:\/\/timeoutmarket.loadhtl.com\/lisboa\/wp-json\/wp\/v2\/comments?post=6680"}],"version-history":[{"count":24,"href":"https:\/\/timeoutmarket.loadhtl.com\/lisboa\/wp-json\/wp\/v2\/pages\/6680\/revisions"}],"predecessor-version":[{"id":10194,"href":"https:\/\/timeoutmarket.loadhtl.com\/lisboa\/wp-json\/wp\/v2\/pages\/6680\/revisions\/10194"}],"up":[{"embeddable":true,"href":"https:\/\/timeoutmarket.loadhtl.com\/lisboa\/wp-json\/wp\/v2\/pages\/6678"}],"wp:attachment":[{"href":"https:\/\/timeoutmarket.loadhtl.com\/lisboa\/wp-json\/wp\/v2\/media?parent=6680"}],"curies":[{"name":"wp","href":"https:\/\/api.w.org\/{rel}","templated":true}]}}