{"id":6678,"date":"2019-09-04T16:33:25","date_gmt":"2019-09-04T16:33:25","guid":{"rendered":"https:\/\/timeoutmarket.loadhtl.com\/lisboa\/?page_id=6678"},"modified":"2023-01-27T12:11:18","modified_gmt":"2023-01-27T12:11:18","slug":"empresas","status":"publish","type":"page","link":"https:\/\/timeoutmarket.loadhtl.com\/lisboa\/empresas\/","title":{"rendered":"Empresas"},"content":{"rendered":"","protected":false},"excerpt":{"rendered":"","protected":false},"author":1,"featured_media":0,"parent":0,"menu_order":0,"comment_status":"closed","ping_status":"closed","template":"timeout_empresas.php","meta":{"amp_status":""},"acf":{"title_1":"Solu\u00e7\u00f5es Para Empresas","title_2":"QUER FAZER O SEU EVENTO NO TIME OUT MARKET?","title_3":"Diferentes espa\u00e7os para eventos, diferentes solu\u00e7\u00f5es","description":"<p>Bem-vindo ao primeiro mercado gastron\u00f3mico e cultural do mundo: o Time Out Market Lisboa, um local \u00fanico e privilegiado para receber o seu evento, marca ou neg\u00f3cio. Habituado a receber milhares de pessoas todos os dias \u2013 s\u00f3 em 2019, recebeu perto de quatro milh\u00f5es de visitantes -, o mercado est\u00e1 tamb\u00e9m preparado para receber outro tipo de eventos.<\/p>\n<p>Al\u00e9m do food hall, o Time Out Market tem ainda uma escola de cozinha, a Academia Time Out, e uma sala de eventos, o Est\u00fadio Time Out, cujas caracter\u00edsticas podem fazer a diferen\u00e7a no espa\u00e7o para o seu evento, quer seja presencial, virtual ou h\u00edbrido.<\/p>\n","link_1":{"ID":6682,"post_author":"1","post_date":"2019-09-04 16:41:24","post_date_gmt":"2019-09-04 16:41:24","post_content":"","post_title":"Cart\u00f5es","post_excerpt":"","post_status":"publish","comment_status":"closed","ping_status":"closed","post_password":"","post_name":"cartoes","to_ping":"","pinged":"","post_modified":"2022-10-25 16:55:12","post_modified_gmt":"2022-10-25 16:55:12","post_content_filtered":"","post_parent":6678,"guid":"https:\/\/timeoutmarket.loadhtl.com\/lisboa\/?page_id=6682","menu_order":0,"post_type":"page","post_mime_type":"","comment_count":"0","filter":"raw"},"link_2":{"ID":6680,"post_author":"1","post_date":"2019-09-04 16:40:32","post_date_gmt":"2019-09-04 16:40:32","post_content":"","post_title":"Academia","post_excerpt":"","post_status":"publish","comment_status":"closed","ping_status":"closed","post_password":"","post_name":"academia","to_ping":"","pinged":"","post_modified":"2022-10-25 16:53:50","post_modified_gmt":"2022-10-25 16:53:50","post_content_filtered":"","post_parent":6678,"guid":"https:\/\/timeoutmarket.loadhtl.com\/lisboa\/?page_id=6680","menu_order":0,"post_type":"page","post_mime_type":"","comment_count":"0","filter":"raw"},"link_3":{"ID":6684,"post_author":"1","post_date":"2019-09-04 16:43:45","post_date_gmt":"2019-09-04 16:43:45","post_content":"","post_title":"Est\u00fadio","post_excerpt":"","post_status":"publish","comment_status":"closed","ping_status":"closed","post_password":"","post_name":"estudio","to_ping":"","pinged":"","post_modified":"2022-10-21 11:12:12","post_modified_gmt":"2022-10-21 11:12:12","post_content_filtered":"","post_parent":6678,"guid":"https:\/\/timeoutmarket.loadhtl.com\/lisboa\/?page_id=6684","menu_order":0,"post_type":"page","post_mime_type":"","comment_count":"0","filter":"raw"},"title_4":"NO CORA\u00c7\u00c3O DE LISBOA","description_2":"<p>O Cais do Sodr\u00e9 \u00e9 hoje o maior hub de transportes urbanos da cidade - com acesso f\u00e1cil ao metro, barco, t\u00e1xis, comboio, autocarros - e um dos bairros mais trendy e mais vibrantes de Lisboa, tanto a n\u00edvel empresarial como a n\u00edvel de lazer, sendo o Time Out Market um dos grandes motores dessa transforma\u00e7\u00e3o. Para al\u00e9m de todos os espa\u00e7os que temos dispon\u00edveis para a organiza\u00e7\u00e3o do seu evento, existe, ainda, um parque p\u00fablico de estacionamento mesmo ao lado do Time Out Market, a funcionar 24 horas por dia.<\/p>\n"},"_links":{"self":[{"href":"https:\/\/timeoutmarket.loadhtl.com\/lisboa\/wp-json\/wp\/v2\/pages\/6678"}],"collection":[{"href":"https:\/\/timeoutmarket.loadhtl.com\/lisboa\/wp-json\/wp\/v2\/pages"}],"about":[{"href":"https:\/\/timeoutmarket.loadhtl.com\/lisboa\/wp-json\/wp\/v2\/types\/page"}],"author":[{"embeddable":true,"href":"https:\/\/timeoutmarket.loadhtl.com\/lisboa\/wp-json\/wp\/v2\/users\/1"}],"replies":[{"embeddable":true,"href":"https:\/\/timeoutmarket.loadhtl.com\/lisboa\/wp-json\/wp\/v2\/comments?post=6678"}],"version-history":[{"count":6,"href":"https:\/\/timeoutmarket.loadhtl.com\/lisboa\/wp-json\/wp\/v2\/pages\/6678\/revisions"}],"predecessor-version":[{"id":10382,"href":"https:\/\/timeoutmarket.loadhtl.com\/lisboa\/wp-json\/wp\/v2\/pages\/6678\/revisions\/10382"}],"wp:attachment":[{"href":"https:\/\/timeoutmarket.loadhtl.com\/lisboa\/wp-json\/wp\/v2\/media?parent=6678"}],"curies":[{"name":"wp","href":"https:\/\/api.w.org\/{rel}","templated":true}]}}