{"id":3303,"date":"2017-03-22T21:23:36","date_gmt":"2017-03-22T21:23:36","guid":{"rendered":"http:\/\/www.timeoutmarket.com\/3303-2\/"},"modified":"2023-01-30T15:29:19","modified_gmt":"2023-01-30T15:29:19","slug":"estudio-pt-time-out","status":"publish","type":"page","link":"https:\/\/timeoutmarket.loadhtl.com\/lisboa\/estudio-pt-time-out\/","title":{"rendered":"Estudio Time Out"},"content":{"rendered":"Se aquilo que hoje em dia encontra no Piso 0 do Mercado da Ribeira representa o melhor que se pode comer em Lisboa, aquilo que encontra no Est\u00fadio Time Out, no Piso 1 do Mercado, s\u00e3o os melhores eventos da cidade, escolhidos e aprovados pela curadoria da marca. Desde concertos intimistas, em que \u00e9 poss\u00edvel estar a meio metro do artista em palco, a grandes espect\u00e1culos, confer\u00eancias, feiras e eventos tem\u00e1ticos \u2013 tudo passa por aqui. Um espa\u00e7o com 400 metros quadrados, com vista para o Mercado tradicional e para a zona de restaurantes, tecnicamente preparado para responder \u00e0s exig\u00eancias dos maiores promotores de espect\u00e1culos, nacionais e estrangeiros.\r\n<div style=\"padding: 3px;\"><\/div>\r\n<a href=\"https:\/\/www.timeoutmarket.com\/eventos\/#estudio\">Quer fazer o seu evento no Est\u00fadio Time Out?<\/a>","protected":false},"excerpt":{"rendered":"Se aquilo que hoje em dia encontra no Piso 0 do Mercado da Ribeira representa o melhor que se pode comer em Lisboa, aquilo que encontra no Est\u00fadio Time Out, no Piso 1 do Mercado, s\u00e3o os melhores eventos da cidade, escolhidos e aprovados pela curadoria da marca. Desde concertos intimistas, em que \u00e9 poss\u00edvel [&hellip;]","protected":false},"author":5,"featured_media":3306,"parent":0,"menu_order":0,"comment_status":"closed","ping_status":"closed","template":"","meta":{"amp_status":""},"acf":[],"_links":{"self":[{"href":"https:\/\/timeoutmarket.loadhtl.com\/lisboa\/wp-json\/wp\/v2\/pages\/3303"}],"collection":[{"href":"https:\/\/timeoutmarket.loadhtl.com\/lisboa\/wp-json\/wp\/v2\/pages"}],"about":[{"href":"https:\/\/timeoutmarket.loadhtl.com\/lisboa\/wp-json\/wp\/v2\/types\/page"}],"author":[{"embeddable":true,"href":"https:\/\/timeoutmarket.loadhtl.com\/lisboa\/wp-json\/wp\/v2\/users\/5"}],"replies":[{"embeddable":true,"href":"https:\/\/timeoutmarket.loadhtl.com\/lisboa\/wp-json\/wp\/v2\/comments?post=3303"}],"version-history":[{"count":9,"href":"https:\/\/timeoutmarket.loadhtl.com\/lisboa\/wp-json\/wp\/v2\/pages\/3303\/revisions"}],"predecessor-version":[{"id":9976,"href":"https:\/\/timeoutmarket.loadhtl.com\/lisboa\/wp-json\/wp\/v2\/pages\/3303\/revisions\/9976"}],"wp:featuredmedia":[{"embeddable":true,"href":"https:\/\/timeoutmarket.loadhtl.com\/lisboa\/wp-json\/wp\/v2\/media\/3306"}],"wp:attachment":[{"href":"https:\/\/timeoutmarket.loadhtl.com\/lisboa\/wp-json\/wp\/v2\/media?parent=3303"}],"curies":[{"name":"wp","href":"https:\/\/api.w.org\/{rel}","templated":true}]}}