{"id":266,"date":"2016-05-13T20:30:48","date_gmt":"2016-05-13T20:30:48","guid":{"rendered":"http:\/\/www.timeoutmarket.com\/en\/conceito\/"},"modified":"2020-11-07T16:12:24","modified_gmt":"2020-11-07T16:12:24","slug":"concept","status":"publish","type":"page","link":"https:\/\/timeoutmarket.loadhtl.com\/lisboa\/en\/concept\/","title":{"rendered":"Concept"},"content":{"rendered":"","protected":false},"excerpt":{"rendered":"","protected":false},"author":1,"featured_media":0,"parent":0,"menu_order":0,"comment_status":"closed","ping_status":"closed","template":"page-templates\/concept_2.php","meta":{"amp_status":""},"acf":{"video":"<iframe width=\"560\" height=\"315\" src=\"https:\/\/www.youtube.com\/embed\/N9H7l7RoPIA?rel=0&controls=0&showinfo=0\" frameborder=\"0\" allow=\"autoplay; encrypted-media\" allowfullscreen><\/iframe>","left-column":"<p>Why is a famous publishing name hanging from the roof of a historic market hall? And why is a team of journalists running one of the  world's largest gourmet food spaces? The answers to these questions are in the project's name: Time Out Market.<\/p>\n<p>A concept created from scratch in 2014 by the team at Time Out Portugal, with only the best ideas and business projects in  Lisbon - according to the editorial team - which can stay in the market from one week to three years. If it\u2019s good, it goes in the magazine, if it\u2019s great, it goes into the market.<\/p>\n<p>On the one hand, 26 restaurants, 8 bars, a dozen shops and a high-end music venue, all with the very best in Lisbon (the best  steak, the best hamburger, the best sushi and the best live performances, amongst others); on the other hand, home to some of the city's best  known (and longest-running) market vendors of meat, fish, fruit and flowers.<\/p>\n<p>Today, together, both sides are proud of having turned the building, its immediate surroundings and the whole Cais do Sodr\u00e9 neighbourhood into a  huge attraction for visitors, day and night.<\/p>\n","right-column":"<p>A place that previously housed the city's best vendors now houses its best restaurants and artists. While the wares on offer may differ, the principle is the same: bringing the best of the city under one roof.<\/p>\n<h1 class=\"concept__timeline-title\" style=\"font-size: 3rem;padding-bottom: 0px;text-align:left;margin-top:40px;\">HOW DO WE DO IT<\/h1>\n<p><a style=\"margin-top:20px;\" href=\"https:\/\/www.youtube.com\/watch?v=nd94pBDwYkA\" class=\"vp-a\"><br \/>\n<img src=\"https:\/\/timeout.liveperformancesales.com\/wp-content\/uploads\/2020\/02\/video_light.jpg\" alt=\"video about lisbon and time out market lisbon\"><br \/>\n<\/a><\/p>\n","title":"The best <br>of Lisbon","item":[{"timeline-year":"1100","timeline-title":"First reference to the market","timeline-description":"<p>The first version of the Mercado da Ribeira Velha was on the square known as Pra\u00e7a do Pelourinho (now Pra\u00e7a do Munic\u00edpio, site of the city hall)<\/p>\n","image":false,"border-top":["s"],"color":"#0068ac"},{"timeline-year":"1600","timeline-title":"A market renowned across Europe","timeline-description":"<p>The Mercado da Ribeira, now operating in front of the Casa dos Bicos, at the foot of Alfama, was by now renowned abroad.<\/p>\n","image":616,"border-top":["s"],"color":"#0068ac"},{"timeline-year":"1755","timeline-title":"Great Earthquake","timeline-description":"<p>The great quake that shook the whole city destroyed the old Mercado da Ribeira Velha.<\/p>\n","image":604,"border-top":["s"],"color":"#0068ac"},{"timeline-year":"April 1771","timeline-title":"Mercado da\u00a0 Ribeira Nova","timeline-description":"<p>First minister the Marqu\u00eas de Pombal created a new network of markets, including the Mercado da Ribeira Nova on a spot nearer the current site.<\/p>\n","image":605,"border-top":"","color":"#90cff1"},{"timeline-year":"January 1882","timeline-title":"Inauguration of market hall","timeline-description":"<p>Part of the new market hall as we know it today, designed by Frederico Ressano Garcia, was inaugurated on New Year's Day.<\/p>\n","image":606,"border-top":["s"],"color":"#0068ac"},{"timeline-year":"June 1893","timeline-title":"Fire in the market","timeline-description":"<p>A great fire destroyed part of the building's east wing.<\/p>\n","image":false,"border-top":"","color":"#90cff1"},{"timeline-year":"1902","timeline-title":"Enlargement of market","timeline-description":"<p>The first project to enlarge the market hall was overseen by architect Jo\u00e3o Piloto.<\/p>\n","image":607,"border-top":["s"],"color":"#0068ac"},{"timeline-year":"1930","timeline-title":"Completion of enlargement work","timeline-description":"<p>It was at this point that the building's cupola was added \u2013 prompting the local nickname \u2018Mesquita do Nabo\u2019 (Turnip Mosque).<\/p>\n","image":608,"border-top":"","color":"#90cff1"},{"timeline-year":"1940","timeline-title":"Redesign of market","timeline-description":"<p>More changes in the Mercado da Ribeira with the addition of new shops and stone counters.<\/p>\n","image":609,"border-top":"","color":"#25aae1"},{"timeline-year":"1980","timeline-title":"Closure of poultry slaughterhouse","timeline-description":"<p>The Mercado da Ribeira saw the end of one of its main activities with the closure of the section where live birds were slaughtered.<\/p>\n","image":false,"border-top":"","color":"#90cff1"},{"timeline-year":"1983","timeline-title":"Construction of new shops","timeline-description":"<p>More new shops were added in the Mercado da Ribeira.<\/p>\n","image":false,"border-top":"","color":"#25aae1"},{"timeline-year":"1999","timeline-title":"Market clock tells the time again","timeline-description":"<p>Now with a new face designed by one of Portugal's leading master clockmakers, Ant\u00f3nio Franco.<\/p>\n","image":610,"border-top":"","color":"#90cff1"},{"timeline-year":"July 2000","timeline-title":"End of wholesale market","timeline-description":"<p>With the opening of the MARL supply facility on the edge of town, the Mercado da Ribeira lost its role as Lisbon's wholesale market.<\/p>\n","image":611,"border-top":["s"],"color":"#0068ac"},{"timeline-year":"2001","timeline-title":"Upgrading of first floor","timeline-description":"<p>Start of work to upgrade the first floor, with a restaurant and space for events.<\/p>\n","image":612,"border-top":"","color":"#25aae1"},{"timeline-year":"2010","timeline-title":"Time Out wins city council competition","timeline-description":"<p>The team that founded Time Out Lisboa magazine won the concession to take over part of the market's ground floor and its first floor.<\/p>\n","image":623,"border-top":"","color":"#90cff1"},{"timeline-year":"January 2013","timeline-title":"Archaeological discoveries","timeline-description":"<p>Archaeological excavation in Pra\u00e7a Dom Lu\u00eds I revealed the existence of a Roman foundry, in use from the 1st century BC to the 5th century AD.<\/p>\n","image":614,"border-top":"","color":"#90cff1"},{"timeline-year":"November 2013\u00a0","timeline-title":"Start of work on Time Out Market","timeline-description":"<p>Work finally starts in the area marked out for the Time Out\u00a0  Market concession.<\/p>\n","image":613,"border-top":"","color":"#25aae1"},{"timeline-year":"18 May 2014","timeline-title":"Inauguration of Time Out Market Lisboa","timeline-description":"<p>At noon the doors of the Time Out Market opened to the public for the first time.<\/p>\n","image":615,"border-top":"","color":"#90cff1"},{"timeline-year":"September 2015","timeline-title":"Time Out Market","timeline-description":"<p>The concept that Time Out Portugal has developed at Lisbon's Mercado da Ribeira market hall is to be replicated by the Time Out Group around the world.<\/p>\n","image":1297,"border-top":"","color":"#25aae1"}],"galeria_conceito":false},"_links":{"self":[{"href":"https:\/\/timeoutmarket.loadhtl.com\/lisboa\/en\/wp-json\/wp\/v2\/pages\/266"}],"collection":[{"href":"https:\/\/timeoutmarket.loadhtl.com\/lisboa\/en\/wp-json\/wp\/v2\/pages"}],"about":[{"href":"https:\/\/timeoutmarket.loadhtl.com\/lisboa\/en\/wp-json\/wp\/v2\/types\/page"}],"author":[{"embeddable":true,"href":"https:\/\/timeoutmarket.loadhtl.com\/lisboa\/en\/wp-json\/wp\/v2\/users\/1"}],"replies":[{"embeddable":true,"href":"https:\/\/timeoutmarket.loadhtl.com\/lisboa\/en\/wp-json\/wp\/v2\/comments?post=266"}],"version-history":[{"count":23,"href":"https:\/\/timeoutmarket.loadhtl.com\/lisboa\/en\/wp-json\/wp\/v2\/pages\/266\/revisions"}],"predecessor-version":[{"id":8378,"href":"https:\/\/timeoutmarket.loadhtl.com\/lisboa\/en\/wp-json\/wp\/v2\/pages\/266\/revisions\/8378"}],"wp:attachment":[{"href":"https:\/\/timeoutmarket.loadhtl.com\/lisboa\/en\/wp-json\/wp\/v2\/media?parent=266"}],"curies":[{"name":"wp","href":"https:\/\/api.w.org\/{rel}","templated":true}]}}